{"id":1439,"date":"2018-08-03T00:21:44","date_gmt":"2018-08-02T22:21:44","guid":{"rendered":"http:\/\/publicfinance.undp.sk\/?page_id=1439"},"modified":"2022-02-03T23:35:01","modified_gmt":"2022-02-03T22:35:01","slug":"contact","status":"publish","type":"page","link":"https:\/\/publicfinance.undp.sk\/en\/contact\/","title":{"rendered":"Contact"},"content":{"rendered":"<div class=\"wpb-content-wrapper\"><p>[vc_row][vc_column width=&#8221;1\/4&#8243;][vc_empty_space][vc_empty_space][vc_empty_space][\/vc_column][vc_column width=&#8221;1\/2&#8243;][vc_empty_space][vc_empty_space][vc_empty_space][vc_column_text]<\/p>\n<h1 style=\"text-align: center;\">Stay in touch<\/h1>\n<p>[\/vc_column_text][vc_column_text]<\/p>\n<h4 style=\"text-align: center;\">Do not hesitate to contact us. We will be happy<br \/>\nto answer any questions.<\/h4>\n<p>[\/vc_column_text][vc_empty_space][vc_empty_space][\/vc_column][vc_column width=&#8221;1\/4&#8243;][\/vc_column][\/vc_row][vc_row][vc_column width=&#8221;1\/2&#8243;][vc_icon type=&#8221;openiconic&#8221; icon_openiconic=&#8221;vc-oi vc-oi-pin&#8221; color=&#8221;custom&#8221; background_style=&#8221;rounded-outline&#8221; size=&#8221;xl&#8221; custom_color=&#8221;#1e73be&#8221;][vc_column_text]<\/p>\n<h3 style=\"text-align: left;\">Visit us<\/h3>\n<p>[\/vc_column_text][vc_column_text]UNDP Regional Hub for Europe and Central Asia<br \/>\nSlovak Partnership<br \/>\nPalis\u00e1dy 31<br \/>\n811 06 Bratislava<br \/>\nSlovensko[\/vc_column_text][vc_empty_space][\/vc_column][vc_column width=&#8221;1\/2&#8243;][vc_icon type=&#8221;openiconic&#8221; icon_openiconic=&#8221;vc-oi vc-oi-at&#8221; color=&#8221;custom&#8221; background_style=&#8221;rounded-outline&#8221; size=&#8221;xl&#8221; custom_color=&#8221;#1e73be&#8221;][vc_column_text]<\/p>\n<h3 style=\"text-align: left;\">Contact us<\/h3>\n<p>[\/vc_column_text][vc_column_text]<strong>Public Finance for Development<\/strong><\/p>\n<p style=\"text-align: left;\">Contact person: Viktoria Mlynar\u010d\u00edkov\u00e1<br \/>\nE-mail: viktoria.mlynarcikova@undp.org<\/p>\n<p>[\/vc_column_text][vc_column_text]<strong>Private sector engagement<\/strong><\/p>\n<p style=\"text-align: left;\">Contact person: Michal Hol\u00edk<br \/>\nE-mail: michal.holik@undp.org<\/p>\n<p>[\/vc_column_text][\/vc_column][\/vc_row][vc_row][vc_column][vc_empty_space height=&#8221;100&#8243;][\/vc_column][\/vc_row][vc_row][vc_column][vc_gmaps link=&#8221;#E-8_JTNDaWZyYW1lJTIwc3JjJTNEJTIyaHR0cHMlM0ElMkYlMkZ3d3cuZ29vZ2xlLmNvbSUyRm1hcHMlMkZlbWJlZCUzRnBiJTNEJTIxMW0xNyUyMTFtMTElMjExbTMlMjExZDEyNi4xMjA3OTc0NzIzMTc1MiUyMTJkMTcuMTAxNjQ4MTkwMzY1NTQ1JTIxM2Q0OC4xNDcwOTA5MTA2NjAyMjUlMjEybTIlMjExZjI5MC44NTcyNzQzNzc2MTk1NSUyMTJmNDUlMjEzbTIlMjExaTEwMjQlMjEyaTc2OCUyMTRmMzUlMjEzbTMlMjExbTIlMjExczB4NDc2Yzg5NTkzMTE4YzA0NyUyNTNBMHgxN2E5YWIzZjFhZDVjNzliJTIxMnNQYWxpcyUyNUMzJTI1QTFkeSUyQjcwOCUyNTJGMzElMjUyQyUyQjgxMSUyQjA2JTJCQnJhdGlzbGF2YSUyMTVlMSUyMTNtMiUyMTFzc2slMjEyc3NrJTIxNHYxNTU1MjcwOTI1OTM2JTIxNW0yJTIxMXNzayUyMTJzc2slMjIlMjB3aWR0aCUzRCUyMjYwMCUyMiUyMGhlaWdodCUzRCUyMjQ1MCUyMiUyMGZyYW1lYm9yZGVyJTNEJTIyMCUyMiUyMHN0eWxlJTNEJTIyYm9yZGVyJTNBMCUyMiUyMGFsbG93ZnVsbHNjcmVlbiUzRSUzQyUyRmlmcmFtZSUzRQ==&#8221; size=&#8221;small&#8221;][\/vc_column][\/vc_row]<\/p>\n<\/div>","protected":false},"excerpt":{"rendered":"<p>[vc_row][vc_column width=&#8221;1\/4&#8243;][vc_empty_space][vc_empty_space][vc_empty_space][\/vc_column][vc_column width=&#8221;1\/2&#8243;][vc_empty_space][vc_empty_space][vc_empty_space][vc_column_text] Stay in touch [\/vc_column_text][vc_column_text] Do not hesitate to contact us. We will be happy to answer any questions. [\/vc_column_text][vc_empty_space][vc_empty_space][\/vc_column][vc_column width=&#8221;1\/4&#8243;][\/vc_column][\/vc_row][vc_row][vc_column width=&#8221;1\/2&#8243;][vc_icon type=&#8221;openiconic&#8221; icon_openiconic=&#8221;vc-oi vc-oi-pin&#8221; color=&#8221;custom&#8221; background_style=&#8221;rounded-outline&#8221; size=&#8221;xl&#8221; custom_color=&#8221;#1e73be&#8221;][vc_column_text] Visit us [\/vc_column_text][vc_column_text]UNDP Regional Hub for Europe and Central Asia Slovak Partnership Palis\u00e1dy 31 811 06 Bratislava Slovensko[\/vc_column_text][vc_empty_space][\/vc_column][vc_column width=&#8221;1\/2&#8243;][vc_icon type=&#8221;openiconic&#8221; icon_openiconic=&#8221;vc-oi vc-oi-at&#8221; color=&#8221;custom&#8221; background_style=&#8221;rounded-outline&#8221; [&hellip;]<\/p>\n","protected":false},"author":3,"featured_media":1912,"parent":0,"menu_order":0,"comment_status":"closed","ping_status":"closed","template":"","meta":{"footnotes":""},"aioseo_notices":[],"jetpack_sharing_enabled":true,"_links":{"self":[{"href":"https:\/\/publicfinance.undp.sk\/en\/wp-json\/wp\/v2\/pages\/1439"}],"collection":[{"href":"https:\/\/publicfinance.undp.sk\/en\/wp-json\/wp\/v2\/pages"}],"about":[{"href":"https:\/\/publicfinance.undp.sk\/en\/wp-json\/wp\/v2\/types\/page"}],"author":[{"embeddable":true,"href":"https:\/\/publicfinance.undp.sk\/en\/wp-json\/wp\/v2\/users\/3"}],"replies":[{"embeddable":true,"href":"https:\/\/publicfinance.undp.sk\/en\/wp-json\/wp\/v2\/comments?post=1439"}],"version-history":[{"count":55,"href":"https:\/\/publicfinance.undp.sk\/en\/wp-json\/wp\/v2\/pages\/1439\/revisions"}],"predecessor-version":[{"id":2838,"href":"https:\/\/publicfinance.undp.sk\/en\/wp-json\/wp\/v2\/pages\/1439\/revisions\/2838"}],"wp:featuredmedia":[{"embeddable":true,"href":"https:\/\/publicfinance.undp.sk\/en\/wp-json\/wp\/v2\/media\/1912"}],"wp:attachment":[{"href":"https:\/\/publicfinance.undp.sk\/en\/wp-json\/wp\/v2\/media?parent=1439"}],"curies":[{"name":"wp","href":"https:\/\/api.w.org\/{rel}","templated":true}]}}